{"id":47,"date":"2021-05-28T04:37:42","date_gmt":"2021-05-28T04:37:42","guid":{"rendered":"https:\/\/demo.casethemes.net\/grupi\/?page_id=47"},"modified":"2025-07-28T13:58:17","modified_gmt":"2025-07-28T11:58:17","slug":"portfolio-grid","status":"publish","type":"page","link":"https:\/\/ekf-mali.com\/index.php\/portfolio-grid\/","title":{"rendered":"Portfolio"},"content":{"rendered":"\t\t<div data-elementor-type=\"wp-page\" data-elementor-id=\"47\" class=\"elementor elementor-47\">\n\t\t\t\t        <section class=\"elementor-section elementor-top-section elementor-element elementor-element-19c343b5 elementor-section-stretched elementor-section-boxed elementor-section-height-default elementor-section-height-default ct-header-fixed-none ct-column-none ct-row-scroll-none ct-row-gradient--none\" data-id=\"19c343b5\" data-element_type=\"section\" data-settings=\"{&quot;stretch_section&quot;:&quot;section-stretched&quot;,&quot;background_background&quot;:&quot;classic&quot;}\">\n            \n                        <div class=\"elementor-container elementor-column-gap-extended \">\n                    <div class=\"elementor-column elementor-col-100 elementor-top-column elementor-element elementor-element-7dcc034d ct-column-none\" data-id=\"7dcc034d\" data-element_type=\"column\">\n        <div class=\"elementor-widget-wrap elementor-element-populated\">\n                    \n                <section class=\"elementor-section elementor-inner-section elementor-element elementor-element-1ae1099c elementor-section-content-middle elementor-section-boxed elementor-section-height-default elementor-section-height-default ct-header-fixed-none ct-column-none ct-row-scroll-none ct-row-gradient--none\" data-id=\"1ae1099c\" data-element_type=\"section\" data-settings=\"{&quot;background_background&quot;:&quot;classic&quot;}\">\n            \n                        <div class=\"elementor-container elementor-column-gap-extended \">\n                    <div class=\"elementor-column elementor-col-50 elementor-inner-column elementor-element elementor-element-6c1af1f ct-column-none\" data-id=\"6c1af1f\" data-element_type=\"column\" data-settings=\"{&quot;background_background&quot;:&quot;classic&quot;}\">\n        <div class=\"elementor-widget-wrap elementor-element-populated\">\n                    \n        \t\t<div class=\"elementor-element elementor-element-7e1be9e9 elementor-widget elementor-widget-ct_heading\" data-id=\"7e1be9e9\" data-element_type=\"widget\" data-widget_type=\"ct_heading.default\">\n\t\t\t\t<div class=\"elementor-widget-container\">\n\t\t\t\t\t<div id=\"ct_heading-7e1be9e9\" class=\"ct-heading h-align- item-st-hexagon highlight-style1\">\r\n    <div class=\"ct-inline-css\"  data-css=\"\r\n                        \">\r\n    <\/div>\r\n\r\n\t            <div class=\"ct-heading-hexagon-line\">\r\n            <div class=\"ct-heading-hexagon\"><\/div>\r\n        <\/div>\r\n                <div class=\"ct-heading-text-below\">\r\n            Portfolio        <\/div>\r\n        <h3 class=\"item--title case-animate-time st-hexagon \" data-wow-delay=\"ms\">\r\n        <span>Decouvrez l&#8217;ensemble de nos produits pour votre bonheur<\/span>            <\/h3>\r\n<\/div>\r\n\r\n\t\t\t\t<\/div>\n\t\t\t\t<\/div>\n\t\t            <\/div>\n        <\/div>\n                <div class=\"elementor-column elementor-col-50 elementor-inner-column elementor-element elementor-element-6deae674 ct-column-none\" data-id=\"6deae674\" data-element_type=\"column\">\n        <div class=\"elementor-widget-wrap elementor-element-populated\">\n                    \n        \t\t<div class=\"elementor-element elementor-element-1b28c9ab elementor-widget elementor-widget-ct_text_editor\" data-id=\"1b28c9ab\" data-element_type=\"widget\" data-widget_type=\"ct_text_editor.default\">\n\t\t\t\t<div class=\"elementor-widget-container\">\n\t\t\t\t\t<div id=\"ct_text_editor-1b28c9ab\" class=\"ct-text-editor \" data-wow-delay=\"ms\">\n\t<div class=\"ct-inline-css\"  data-css=\"\n        \t\t\">\n\n    <\/div>\n\t<div class=\"ct-text-editor elementor-clearfix\">\n\t\t<p><strong>Parce que derri\u00e8re chaque produit, il y a notre savoir-faire, notre r\u00e9seau et notre passion pour nourrir l\u2019Afrique avec excellence.<\/strong>\u00a0<\/p>\t\t\n\t<\/div>\n<\/div>\t\t\t\t<\/div>\n\t\t\t\t<\/div>\n\t\t            <\/div>\n        <\/div>\n                    <\/div>\n        <\/section>\n        \t\t<div class=\"elementor-element elementor-element-24d3a83 elementor-widget elementor-widget-ct_portfolio_grid\" data-id=\"24d3a83\" data-element_type=\"widget\" data-widget_type=\"ct_portfolio_grid.default\">\n\t\t\t\t<div class=\"elementor-widget-container\">\n\t\t\t\t\t\r\n<div id=\"ct_portfolio_grid-24d3a83\" class=\"ct-grid ct-portfolio ct-portfolio-grid1 item--default-space\" data-layout=\"masonry\" data-start-page=\"1\" data-max-pages=\"1\" data-total=\"8\" data-perpage=\"-65\" data-next-link=\"\">\r\n    <div class=\"ct-grid-overlay\"><\/div>\r\n            <div class=\"grid-filter-wrap\">\r\n            <span class=\"filter-item active\" data-filter=\"*\">All<\/span>\r\n                                                            \r\n                <span class=\"filter-item\" data-filter=\".agency\">\r\n                    Gamme Adja                <\/span>\r\n                                                            \r\n                <span class=\"filter-item\" data-filter=\".stakeholder-relations\">\r\n                    Gamme Ami                <\/span>\r\n                                                            \r\n                <span class=\"filter-item\" data-filter=\".facilitation\">\r\n                    Gamme Chef A\u00efda                <\/span>\r\n                                                            \r\n                <span class=\"filter-item\" data-filter=\".strategy\">\r\n                    Gamme de Riz                <\/span>\r\n                                                            \r\n                <span class=\"filter-item\" data-filter=\".coaching\">\r\n                    Gamme Doli                <\/span>\r\n                    <\/div>\r\n    \r\n    <div class=\"ct-grid-inner ct-grid-masonry row animate-time\" data-gutter=\"15\">\r\n                            <div class=\"grid-item col-xl-3 col-lg-3 col-md-6 col-sm-6 col-12 strategy\">\r\n                        <div class=\"grid-item-inner \" data-wow-duration=\"1.2s\">\r\n                            <div class=\"item--featured\">\r\n                                <img fetchpriority=\"high\" decoding=\"async\" class=\"no-lazyload \" src=\"https:\/\/ekf-mali.com\/wp-content\/uploads\/2025\/07\/BELLA-LUNA-272x266.png\" width=\"272\" height=\"266\" alt=\"BELLA LUNA\" title=\"BELLA LUNA\" \/>                            <\/div>\r\n                            \r\n                            <div class=\"item--holder\">\r\n                                <div class=\"item--meta\">\r\n                                                                            <h4 class=\"item--title\">\r\n                                            <a href=\"https:\/\/ekf-mali.com\/index.php\/portfolio\/bella-luna-parce-que-meme-les-etoiles-ont-leur-riz-prefere\/\">                                                \ud83c\udf1f BELLA LUNA \u2013 Parce que m\u00eame les \u00e9toiles ont leur riz pr\u00e9f\u00e9r\u00e9 ! \ud83c\udf19\ud83c\udf5a\ud83c\udf1f                                            <\/a>                                        <\/h4>\r\n                                                                                                                <div class=\"item--category\">\r\n                                            <a href=\"https:\/\/ekf-mali.com\/index.php\/portfolio-category\/strategy\/\" rel=\"tag\">Gamme de Riz<\/a>                                        <\/div>\r\n                                                                    <\/div>\r\n                                                                    <div class=\"item--readmore\">\r\n                                        <a href=\"https:\/\/ekf-mali.com\/index.php\/portfolio\/bella-luna-parce-que-meme-les-etoiles-ont-leur-riz-prefere\/\">+<\/a>\r\n                                    <\/div>\r\n                                                            <\/div>\r\n                        <\/div>\r\n                    <\/div>\r\n                                <div class=\"grid-item col-xl-3 col-lg-3 col-md-6 col-sm-6 col-12 strategy\">\r\n                        <div class=\"grid-item-inner \" data-wow-duration=\"1.2s\">\r\n                            <div class=\"item--featured\">\r\n                                <img decoding=\"async\" class=\"no-lazyload \" src=\"https:\/\/ekf-mali.com\/wp-content\/uploads\/2025\/07\/ChatGPT-Image-16-juil.-2025-16_17_49-1-272x266.png\" width=\"272\" height=\"266\" alt=\"ChatGPT Image 16 juil. 2025, 16_17_49\" title=\"ChatGPT Image 16 juil. 2025, 16_17_49\" \/>                            <\/div>\r\n                            \r\n                            <div class=\"item--holder\">\r\n                                <div class=\"item--meta\">\r\n                                                                            <h4 class=\"item--title\">\r\n                                            <a href=\"https:\/\/ekf-mali.com\/index.php\/portfolio\/bella-luna-parce-que-meme-les-etoiles-ont-leur-riz-prefere-2\/\">                                                \ud83c\udf1f RIZ POISSON V.I.P &#8211; L&#8217;Art du Riz \u00e0 Son Apog\u00e9e\ud83c\udf5a\ud83c\udf1f                                            <\/a>                                        <\/h4>\r\n                                                                                                                <div class=\"item--category\">\r\n                                            <a href=\"https:\/\/ekf-mali.com\/index.php\/portfolio-category\/strategy\/\" rel=\"tag\">Gamme de Riz<\/a>                                        <\/div>\r\n                                                                    <\/div>\r\n                                                                    <div class=\"item--readmore\">\r\n                                        <a href=\"https:\/\/ekf-mali.com\/index.php\/portfolio\/bella-luna-parce-que-meme-les-etoiles-ont-leur-riz-prefere-2\/\">+<\/a>\r\n                                    <\/div>\r\n                                                            <\/div>\r\n                        <\/div>\r\n                    <\/div>\r\n                                <div class=\"grid-item col-xl-3 col-lg-3 col-md-6 col-sm-6 col-12 agency\">\r\n                        <div class=\"grid-item-inner \" data-wow-duration=\"1.2s\">\r\n                            <div class=\"item--featured\">\r\n                                <img decoding=\"async\" class=\"no-lazyload \" src=\"https:\/\/ekf-mali.com\/wp-content\/uploads\/2021\/07\/ADJA-SPICE-272x266.png\" width=\"272\" height=\"266\" alt=\"ADJA - SPICE\" title=\"ADJA - SPICE\" \/>                            <\/div>\r\n                            \r\n                            <div class=\"item--holder\">\r\n                                <div class=\"item--meta\">\r\n                                                                            <h4 class=\"item--title\">\r\n                                            <a href=\"https:\/\/ekf-mali.com\/index.php\/portfolio\/gamme-adja\/\">                                                ADJA \u2013 Quand chaque Plat Devient une C\u00e9l\u00e9bration des Saveurs !                                            <\/a>                                        <\/h4>\r\n                                                                                                                <div class=\"item--category\">\r\n                                            <a href=\"https:\/\/ekf-mali.com\/index.php\/portfolio-category\/agency\/\" rel=\"tag\">Gamme Adja<\/a>                                        <\/div>\r\n                                                                    <\/div>\r\n                                                                    <div class=\"item--readmore\">\r\n                                        <a href=\"https:\/\/ekf-mali.com\/index.php\/portfolio\/gamme-adja\/\">+<\/a>\r\n                                    <\/div>\r\n                                                            <\/div>\r\n                        <\/div>\r\n                    <\/div>\r\n                                <div class=\"grid-item col-xl-3 col-lg-3 col-md-6 col-sm-6 col-12 strategy\">\r\n                        <div class=\"grid-item-inner \" data-wow-duration=\"1.2s\">\r\n                            <div class=\"item--featured\">\r\n                                <img loading=\"lazy\" decoding=\"async\" class=\"no-lazyload \" src=\"https:\/\/ekf-mali.com\/wp-content\/uploads\/2021\/07\/RIZ-FAIDA-copie-272x266.png\" width=\"272\" height=\"266\" alt=\"RIZ FAIDA copie\" title=\"RIZ FAIDA copie\" \/>                            <\/div>\r\n                            \r\n                            <div class=\"item--holder\">\r\n                                <div class=\"item--meta\">\r\n                                                                            <h4 class=\"item--title\">\r\n                                            <a href=\"https:\/\/ekf-mali.com\/index.php\/portfolio\/startup-business\/\">                                                \ud83c\udf1f Notre gamme de RIZ FA\u00cfDA  \ud83c\udf1f                                            <\/a>                                        <\/h4>\r\n                                                                                                                <div class=\"item--category\">\r\n                                            <a href=\"https:\/\/ekf-mali.com\/index.php\/portfolio-category\/strategy\/\" rel=\"tag\">Gamme de Riz<\/a>                                        <\/div>\r\n                                                                    <\/div>\r\n                                                                    <div class=\"item--readmore\">\r\n                                        <a href=\"https:\/\/ekf-mali.com\/index.php\/portfolio\/startup-business\/\">+<\/a>\r\n                                    <\/div>\r\n                                                            <\/div>\r\n                        <\/div>\r\n                    <\/div>\r\n                                <div class=\"grid-item col-xl-3 col-lg-3 col-md-6 col-sm-6 col-12 facilitation\">\r\n                        <div class=\"grid-item-inner \" data-wow-duration=\"1.2s\">\r\n                            <div class=\"item--featured\">\r\n                                <img loading=\"lazy\" decoding=\"async\" class=\"no-lazyload \" src=\"https:\/\/ekf-mali.com\/wp-content\/uploads\/2021\/06\/CHEF-AIDA-MOYONNAISE-272x266.png\" width=\"272\" height=\"266\" alt=\"CHEF AIDA MOYONNAISE\" title=\"CHEF AIDA MOYONNAISE\" \/>                            <\/div>\r\n                            \r\n                            <div class=\"item--holder\">\r\n                                <div class=\"item--meta\">\r\n                                                                            <h4 class=\"item--title\">\r\n                                            <a href=\"https:\/\/ekf-mali.com\/index.php\/portfolio\/market-research\/\">                                                CHEF A\u00cfDA : L\u2019Authenticit\u00e9 qui R\u00e9veille Vos Plats                                            <\/a>                                        <\/h4>\r\n                                                                                                                <div class=\"item--category\">\r\n                                            <a href=\"https:\/\/ekf-mali.com\/index.php\/portfolio-category\/facilitation\/\" rel=\"tag\">Gamme Chef A\u00efda<\/a>                                        <\/div>\r\n                                                                    <\/div>\r\n                                                                    <div class=\"item--readmore\">\r\n                                        <a href=\"https:\/\/ekf-mali.com\/index.php\/portfolio\/market-research\/\">+<\/a>\r\n                                    <\/div>\r\n                                                            <\/div>\r\n                        <\/div>\r\n                    <\/div>\r\n                                <div class=\"grid-item col-xl-3 col-lg-3 col-md-6 col-sm-6 col-12 strategy\">\r\n                        <div class=\"grid-item-inner \" data-wow-duration=\"1.2s\">\r\n                            <div class=\"item--featured\">\r\n                                <img loading=\"lazy\" decoding=\"async\" class=\"no-lazyload \" src=\"https:\/\/ekf-mali.com\/wp-content\/uploads\/2021\/06\/GAMME-LA-MERVEILLE-272x266.png\" width=\"272\" height=\"266\" alt=\"GAMME LA MERVEILLE\" title=\"GAMME LA MERVEILLE\" \/>                            <\/div>\r\n                            \r\n                            <div class=\"item--holder\">\r\n                                <div class=\"item--meta\">\r\n                                                                            <h4 class=\"item--title\">\r\n                                            <a href=\"https:\/\/ekf-mali.com\/index.php\/portfolio\/seo-optimization\/\">                                                LA MERVEILLE \u2013 Parce que chaque repas m\u00e9rite son grain d\u2019exception ! \ud83c\udf5a\ud83d\udd25                                            <\/a>                                        <\/h4>\r\n                                                                                                                <div class=\"item--category\">\r\n                                            <a href=\"https:\/\/ekf-mali.com\/index.php\/portfolio-category\/strategy\/\" rel=\"tag\">Gamme de Riz<\/a>                                        <\/div>\r\n                                                                    <\/div>\r\n                                                                    <div class=\"item--readmore\">\r\n                                        <a href=\"https:\/\/ekf-mali.com\/index.php\/portfolio\/seo-optimization\/\">+<\/a>\r\n                                    <\/div>\r\n                                                            <\/div>\r\n                        <\/div>\r\n                    <\/div>\r\n                                <div class=\"grid-item col-xl-3 col-lg-3 col-md-6 col-sm-6 col-12 coaching\">\r\n                        <div class=\"grid-item-inner \" data-wow-duration=\"1.2s\">\r\n                            <div class=\"item--featured\">\r\n                                <img loading=\"lazy\" decoding=\"async\" class=\"no-lazyload \" src=\"https:\/\/ekf-mali.com\/wp-content\/uploads\/2021\/06\/DOLI-272x266.png\" width=\"272\" height=\"266\" alt=\"DOLI\" title=\"DOLI\" \/>                            <\/div>\r\n                            \r\n                            <div class=\"item--holder\">\r\n                                <div class=\"item--meta\">\r\n                                                                            <h4 class=\"item--title\">\r\n                                            <a href=\"https:\/\/ekf-mali.com\/index.php\/portfolio\/produit-doli\/\">                                                DOLI &#8211; PLEIN D&#8217;AR\u00d4MES \u2013 Quand le go\u00fbt prend toute sa dimension                                            <\/a>                                        <\/h4>\r\n                                                                                                                <div class=\"item--category\">\r\n                                            <a href=\"https:\/\/ekf-mali.com\/index.php\/portfolio-category\/coaching\/\" rel=\"tag\">Gamme Doli<\/a>                                        <\/div>\r\n                                                                    <\/div>\r\n                                                                    <div class=\"item--readmore\">\r\n                                        <a href=\"https:\/\/ekf-mali.com\/index.php\/portfolio\/produit-doli\/\">+<\/a>\r\n                                    <\/div>\r\n                                                            <\/div>\r\n                        <\/div>\r\n                    <\/div>\r\n                                <div class=\"grid-item col-xl-3 col-lg-3 col-md-6 col-sm-6 col-12 stakeholder-relations\">\r\n                        <div class=\"grid-item-inner \" data-wow-duration=\"1.2s\">\r\n                            <div class=\"item--featured\">\r\n                                <img loading=\"lazy\" decoding=\"async\" class=\"no-lazyload \" src=\"https:\/\/ekf-mali.com\/wp-content\/uploads\/2025\/07\/AMI-MOYONNAISE-SANDWICH-272x266.png\" width=\"272\" height=\"266\" alt=\"AMI MOYONNAISE SANDWICH\" title=\"AMI MOYONNAISE SANDWICH\" \/>                            <\/div>\r\n                            \r\n                            <div class=\"item--holder\">\r\n                                <div class=\"item--meta\">\r\n                                                                            <h4 class=\"item--title\">\r\n                                            <a href=\"https:\/\/ekf-mali.com\/index.php\/portfolio\/gamme-ami\/\">                                                AMI \u2013 Le compagnon malin de vos meilleures recettes                                            <\/a>                                        <\/h4>\r\n                                                                                                                <div class=\"item--category\">\r\n                                            <a href=\"https:\/\/ekf-mali.com\/index.php\/portfolio-category\/stakeholder-relations\/\" rel=\"tag\">Gamme Ami<\/a>                                        <\/div>\r\n                                                                    <\/div>\r\n                                                                    <div class=\"item--readmore\">\r\n                                        <a href=\"https:\/\/ekf-mali.com\/index.php\/portfolio\/gamme-ami\/\">+<\/a>\r\n                                    <\/div>\r\n                                                            <\/div>\r\n                        <\/div>\r\n                    <\/div>\r\n                                <div class=\"grid-sizer col-xl-3 col-lg-3 col-md-6 col-sm-6 col-12\"><\/div>\r\n            <\/div>\r\n        <\/div>\t\t\t\t<\/div>\n\t\t\t\t<\/div>\n\t\t            <\/div>\n        <\/div>\n                    <\/div>\n        <\/section>\n                <section class=\"elementor-section elementor-top-section elementor-element elementor-element-6a7f8ea2 elementor-section-full_width elementor-section-stretched elementor-section-height-default elementor-section-height-default ct-header-fixed-none ct-column-none ct-row-scroll-none ct-row-gradient--none\" data-id=\"6a7f8ea2\" data-element_type=\"section\" data-settings=\"{&quot;stretch_section&quot;:&quot;section-stretched&quot;}\">\n            \n                        <div class=\"elementor-container elementor-column-gap-no \">\n                    <div class=\"elementor-column elementor-col-100 elementor-top-column elementor-element elementor-element-5db421b8 ct-column-none\" data-id=\"5db421b8\" data-element_type=\"column\">\n        <div class=\"elementor-widget-wrap elementor-element-populated\">\n                    \n        \t\t<div class=\"elementor-element elementor-element-68223154 elementor-widget-divider--view-line elementor-widget elementor-widget-divider\" data-id=\"68223154\" data-element_type=\"widget\" data-widget_type=\"divider.default\">\n\t\t\t\t\t\t\t<div class=\"elementor-divider\">\n\t\t\t<span class=\"elementor-divider-separator\">\n\t\t\t\t\t\t<\/span>\n\t\t<\/div>\n\t\t\t\t\t\t<\/div>\n\t\t            <\/div>\n        <\/div>\n                    <\/div>\n        <\/section>\n        \t\t<\/div>\n\t\t","protected":false},"excerpt":{"rendered":"<p>Portfolio Decouvrez l&#8217;ensemble de nos produits pour votre bonheur Parce que derri\u00e8re chaque produit, il y a notre savoir-faire, notre r\u00e9seau et notre passion pour nourrir l\u2019Afrique avec excellence.\u00a0 All Gamme Adja Gamme Ami Gamme Chef A\u00efda Gamme de Riz Gamme Doli \ud83c\udf1f BELLA LUNA \u2013 Parce que m\u00eame les \u00e9toiles ont leur riz pr\u00e9f\u00e9r\u00e9 [&hellip;]<\/p>\n","protected":false},"author":1,"featured_media":0,"parent":0,"menu_order":0,"comment_status":"closed","ping_status":"closed","template":"","meta":{"om_disable_all_campaigns":false,"_monsterinsights_skip_tracking":false,"_monsterinsights_sitenote_active":false,"_monsterinsights_sitenote_note":"","_monsterinsights_sitenote_category":0,"footnotes":""},"class_list":["post-47","page","type-page","status-publish","hentry"],"aioseo_notices":[],"_links":{"self":[{"href":"https:\/\/ekf-mali.com\/index.php\/wp-json\/wp\/v2\/pages\/47","targetHints":{"allow":["GET"]}}],"collection":[{"href":"https:\/\/ekf-mali.com\/index.php\/wp-json\/wp\/v2\/pages"}],"about":[{"href":"https:\/\/ekf-mali.com\/index.php\/wp-json\/wp\/v2\/types\/page"}],"author":[{"embeddable":true,"href":"https:\/\/ekf-mali.com\/index.php\/wp-json\/wp\/v2\/users\/1"}],"replies":[{"embeddable":true,"href":"https:\/\/ekf-mali.com\/index.php\/wp-json\/wp\/v2\/comments?post=47"}],"version-history":[{"count":18,"href":"https:\/\/ekf-mali.com\/index.php\/wp-json\/wp\/v2\/pages\/47\/revisions"}],"predecessor-version":[{"id":6327,"href":"https:\/\/ekf-mali.com\/index.php\/wp-json\/wp\/v2\/pages\/47\/revisions\/6327"}],"wp:attachment":[{"href":"https:\/\/ekf-mali.com\/index.php\/wp-json\/wp\/v2\/media?parent=47"}],"curies":[{"name":"wp","href":"https:\/\/api.w.org\/{rel}","templated":true}]}}